{"id":127,"date":"2018-01-17T11:16:19","date_gmt":"2018-01-17T10:16:19","guid":{"rendered":"http:\/\/www.skautsedlcany.cz\/?page_id=127"},"modified":"2023-12-29T11:33:03","modified_gmt":"2023-12-29T10:33:03","slug":"vedeni-strediska","status":"publish","type":"page","link":"https:\/\/www.skautsedlcany.cz\/index.php\/vedeni-strediska\/","title":{"rendered":"Veden\u00ed st\u0159ediska"},"content":{"rendered":"<h3><strong>St\u0159ediskov\u00e1 rada<\/strong><\/h3>\n<div id=\"ctl00_ctl00_ContentPlaceHolder1_ContentPlaceHolder_FormRowPostalFirstLine\" class=\"form-row\">\n<table class=\"gridview table-width-full\" summary=\"\" cellspacing=\"0\" cellpadding=\"0\">\n<thead>\n<tr>\n<th scope=\"col\"><a title=\"Se\u0159adit vzestupn\u011b\">Osoba<\/a><\/th>\n<th scope=\"col\"><a title=\"Se\u0159adit vzestupn\u011b\">Funkce<\/a><\/th>\n<th scope=\"col\"><a title=\"Se\u0159adit vzestupn\u011b\">Platnost od<\/a><\/th>\n<th scope=\"col\"><\/th>\n<\/tr>\n<\/thead>\n<tbody>\n<tr>\n<td>Ji\u0159\u00ed \u010cih\u00e1k (Pedro)<\/td>\n<td>vedouc\u00ed st\u0159ediska<\/td>\n<td style=\"text-align: right;\">17. 9. 2023<\/td>\n<td><\/td>\n<\/tr>\n<tr class=\"AspNet-GridView-Alternate\">\n<td>Tereza Endrstov\u00e1 (Stono\u017eka)<\/td>\n<td>z\u00e1stupce vedouc\u00edho st\u0159ediska<\/td>\n<td style=\"text-align: right;\">17. 9. 2023<\/td>\n<td><\/td>\n<\/tr>\n<tr>\n<td>Pavla Pittnerov\u00e1 (V\u00fdvrtka)<\/td>\n<td>volen\u00fd \u010dlen st\u0159ediskov\u00e9 rady<\/td>\n<td style=\"text-align: right;\">21. 10. 2016<\/td>\n<td><\/td>\n<\/tr>\n<tr class=\"AspNet-GridView-Alternate\">\n<td>Marek T\u016fma (M\u00e1ra)<\/td>\n<td>volen\u00fd \u010dlen st\u0159ediskov\u00e9 rady<\/td>\n<td style=\"text-align: right;\">2. 11. 2019<\/td>\n<td><\/td>\n<\/tr>\n<tr>\n<td>Tereza Zavadilov\u00e1<\/td>\n<td>volen\u00fd \u010dlen st\u0159ediskov\u00e9 rady<\/td>\n<td style=\"text-align: right;\">17. 9. 2023<\/td>\n<td><\/td>\n<\/tr>\n<tr class=\"AspNet-GridView-Alternate\">\n<td>Milan Bart\u00e1k<\/td>\n<td>volen\u00fd \u010dlen st\u0159ediskov\u00e9 rady<\/td>\n<td style=\"text-align: right;\">17. 9. 2023<\/td>\n<td><\/td>\n<\/tr>\n<tr>\n<td>Anton\u00edn \u0158eh\u00e1k (\u00c1z)<\/td>\n<td>volen\u00fd \u010dlen st\u0159ediskov\u00e9 rady<\/td>\n<td style=\"text-align: right;\">17. 9. 2023<\/td>\n<td><\/td>\n<\/tr>\n<tr>\n<td><\/td>\n<td><\/td>\n<td><\/td>\n<td><\/td>\n<\/tr>\n<\/tbody>\n<\/table>\n<h3>Revizn\u00ed komise<\/h3>\n<table class=\"gridview table-width-full\" summary=\"\" cellspacing=\"0\" cellpadding=\"0\">\n<thead>\n<tr>\n<th scope=\"col\"><a title=\"Se\u0159adit vzestupn\u011b\">Osoba<\/a><\/th>\n<th scope=\"col\"><a title=\"Se\u0159adit vzestupn\u011b\">Funkce<\/a><\/th>\n<th scope=\"col\"><a title=\"Se\u0159adit vzestupn\u011b\">Platnost od<\/a><\/th>\n<th scope=\"col\"><\/th>\n<\/tr>\n<\/thead>\n<tbody>\n<tr class=\"AspNet-GridView-Alternate\">\n<td>Jind\u0159ich H\u00e1jek (Kubula)<\/td>\n<td>p\u0159edseda revizn\u00ed komise st\u0159ediska<\/td>\n<td style=\"text-align: right;\">2. 11. 2019<\/td>\n<td><\/td>\n<\/tr>\n<tr>\n<td>Jan \u010cih\u00e1k (\u010c\u00ed\u017ea)<\/td>\n<td>\u010dlen revizn\u00ed komise st\u0159ediska<\/td>\n<td style=\"text-align: right;\">2. 11. 2019<\/td>\n<td><\/td>\n<\/tr>\n<tr class=\"AspNet-GridView-Alternate\">\n<td>Lenka N\u011bmcov\u00e1<\/td>\n<td>\u010dlen revizn\u00ed komise st\u0159ediska<\/td>\n<td style=\"text-align: right;\">17. 9. 2023<\/td>\n<td><\/td>\n<\/tr>\n<tr>\n<td><\/td>\n<td><\/td>\n<td><\/td>\n<td><\/td>\n<\/tr>\n<\/tbody>\n<tfoot><\/tfoot>\n<\/table>\n<h3>\u010cinovn\u00edci &#8211; zpravodajov\u00e9<\/h3>\n<table class=\"gridview table-width-full\" summary=\"\" cellspacing=\"0\" cellpadding=\"0\">\n<thead>\n<tr>\n<th scope=\"col\"><a title=\"Se\u0159adit vzestupn\u011b\">Osoba<\/a><\/th>\n<th scope=\"col\"><a title=\"Se\u0159adit vzestupn\u011b\">Funkce<\/a><\/th>\n<th scope=\"col\"><a title=\"Se\u0159adit vzestupn\u011b\">Platnost od<\/a><\/th>\n<th scope=\"col\"><\/th>\n<\/tr>\n<tr>\n<td>Anton\u00edn \u0158eh\u00e1k (\u00c1z)<\/td>\n<td>hospod\u00e1\u0159 st\u0159ediska<\/td>\n<td style=\"text-align: right;\">15. 2. 2016<\/td>\n<td><\/td>\n<\/tr>\n<\/thead>\n<tfoot>\n<tr class=\"AspNet-GridView-Pager\">\n<td colspan=\"10\"><\/td>\n<\/tr>\n<\/tfoot>\n<\/table>\n<\/div>\n","protected":false},"excerpt":{"rendered":"<p>St\u0159ediskov\u00e1 rada Osoba Funkce Platnost od Ji\u0159\u00ed \u010cih\u00e1k (Pedro) vedouc\u00ed st\u0159ediska 17. 9. 2023 Tereza Endrstov\u00e1 (Stono\u017eka) z\u00e1stupce vedouc\u00edho st\u0159ediska 17. 9. 2023 Pavla Pittnerov\u00e1 (V\u00fdvrtka) volen\u00fd \u010dlen st\u0159ediskov\u00e9 rady 21. 10. 2016 Marek T\u016fma (M\u00e1ra) volen\u00fd \u010dlen st\u0159ediskov\u00e9 rady 2. 11. 2019 Tereza Zavadilov\u00e1 volen\u00fd \u010dlen st\u0159ediskov\u00e9 rady 17. 9. 2023 Milan Bart\u00e1k volen\u00fd <a href=\"https:\/\/www.skautsedlcany.cz\/index.php\/vedeni-strediska\/\" rel=\"nofollow\"><span class=\"sr-only\">P\u0159e\u010d\u00edst si v\u00edc oVeden\u00ed st\u0159ediska<\/span>[&hellip;]<\/a><\/p>\n","protected":false},"author":6,"featured_media":0,"parent":0,"menu_order":600,"comment_status":"closed","ping_status":"closed","template":"","meta":{"footnotes":""},"_links":{"self":[{"href":"https:\/\/www.skautsedlcany.cz\/index.php\/wp-json\/wp\/v2\/pages\/127"}],"collection":[{"href":"https:\/\/www.skautsedlcany.cz\/index.php\/wp-json\/wp\/v2\/pages"}],"about":[{"href":"https:\/\/www.skautsedlcany.cz\/index.php\/wp-json\/wp\/v2\/types\/page"}],"author":[{"embeddable":true,"href":"https:\/\/www.skautsedlcany.cz\/index.php\/wp-json\/wp\/v2\/users\/6"}],"replies":[{"embeddable":true,"href":"https:\/\/www.skautsedlcany.cz\/index.php\/wp-json\/wp\/v2\/comments?post=127"}],"version-history":[{"count":23,"href":"https:\/\/www.skautsedlcany.cz\/index.php\/wp-json\/wp\/v2\/pages\/127\/revisions"}],"predecessor-version":[{"id":583,"href":"https:\/\/www.skautsedlcany.cz\/index.php\/wp-json\/wp\/v2\/pages\/127\/revisions\/583"}],"wp:attachment":[{"href":"https:\/\/www.skautsedlcany.cz\/index.php\/wp-json\/wp\/v2\/media?parent=127"}],"curies":[{"name":"wp","href":"https:\/\/api.w.org\/{rel}","templated":true}]}}