{"id":184,"date":"2018-02-04T12:49:11","date_gmt":"2018-02-04T11:49:11","guid":{"rendered":"http:\/\/www.skautsedlcany.cz\/?page_id=184"},"modified":"2021-01-31T18:50:03","modified_gmt":"2021-01-31T17:50:03","slug":"historie","status":"publish","type":"page","link":"https:\/\/www.skautsedlcany.cz\/index.php\/historie\/","title":{"rendered":"Historie"},"content":{"rendered":"<h1>Od po\u010d\u00e1tk\u016f k\u00a0sou\u010dasnosti<\/h1>\n<p style=\"margin-top: 0; padding: 0 30px 10px 30px; font-style: italic; text-align: justify;\"><a href=\"https:\/\/www.skautsedlcany.cz\/wp-content\/uploads\/2018\/02\/kolaz_strana2.jpg\"><img loading=\"lazy\" decoding=\"async\" class=\"alignright wp-image-188 size-full\" src=\"https:\/\/www.skautsedlcany.cz\/wp-content\/uploads\/2018\/02\/kolaz_strana2.jpg\" alt=\"\" width=\"260\" height=\"368\" \/><\/a>Kdy\u017e u\u010ditel t\u011blocviku \u017ei\u017ekovsk\u00e9 re\u00e1lky Anton\u00edn Benjamin Svojs\u00edk v roce 1911 po n\u00e1vratu z\u00a0dvoudenn\u00ed st\u00e1\u017ee v\u00a0Anglii za\u010d\u00edn\u00e1 formovat ideovou z\u00e1kladnu \u010desk\u00e9ho skautingu &#8211; nov\u00e9ho v\u00fdchovn\u00e9ho sm\u011bru &#8211; jist\u011b netu\u0161\u00ed, \u017ee lidstvo vstupuje do stolet\u00ed paradox\u016f, krvav\u00fdch v\u00e1lek a vyhlazovac\u00edch t\u00e1bor\u016f. Do stolet\u00ed, ve kter\u00e9m se poprv\u00e9 objevuje re\u00e1ln\u00e1 hrozba glob\u00e1ln\u00edho zni\u010deni planety. Lidstvo nach\u00e1z\u00ed prost\u0159ednictv\u00edm v\u011bdy odpov\u011bdi na mnoh\u00e9 zapeklit\u00e9 ot\u00e1zky, ale z\u00e1rove\u0148 v\u00fddobytk\u016f civilizace u\u017e\u00edv\u00e1 ke sv\u00e9mu zni\u010den\u00ed. Roste agresivita a\u00a0vz\u00e1jemn\u00e9 odcizen\u00ed r\u016fzn\u00fdch kultur. V tomto nemocn\u00e9m stolet\u00ed vznikl skauting, hledaj\u00edc\u00ed nov\u00e9 formy v\u00fdchovy d\u011bt\u00ed. Pro\u0161el bou\u0159liv\u00fdm v\u00fdvojem, pronikl do cel\u00e9ho sv\u011bta, ale jeho my\u0161lenka mohla \u017e\u00edt jedin\u011b tam, kde \u017eila svoboda a demokracie. Po t\u0159ech z\u00e1kazech \u010dinnosti jsme se znovu vr\u00e1tili k\u00a0v\u00fdchov\u011b mlad\u00e9 generace, stoj\u00ed to mnoho sil a \u010dasu a p\u0159itom nar\u016fstaj\u00ed hlediska postojov\u00e1, organiza\u010dn\u00ed i\u00a0osobn\u00ed. Dnes je skauting ot\u00e1zkou genera\u010dn\u00ed, nic se ned\u00e1 usp\u011bchat. P\u0159\u00edprava dobr\u00e9 v\u016fdkyn\u011b za\u010d\u00edn\u00e1 u\u00a0mal\u00e9 sv\u011btlu\u0161ky, kter\u00e1 se sna\u017e\u00ed napodobit sv\u016fj dosp\u011bl\u00fd vzor. Skauti \u201et\u0159et\u00edho\u201c v\u011bku by m\u011bli taktn\u011b pom\u00e1hat v\u0161ude tam, kde je jejich pomoci zapot\u0159eb\u00ed. Skauting usiluje o pln\u011bn\u00ed povinnost\u00ed k sob\u011b i k druh\u00e9mu. Je velk\u00fdm souborem osobn\u00edch n\u00e1zor\u016f a\u00a0v\u00a0podstat\u011b se jedn\u00e1 o \u017eivotn\u00ed styl. Jak\u00fd bude v 21. stolet\u00ed?<\/p>\n<h1>1924<\/h1>\n<p>Jednou p\u0159i hodin\u00e1ch t\u011blocviku, za pana u\u010ditele Pra\u017emy, vze\u0161el podn\u011bt k\u00a0ustaven\u00ed odboru skaut\u016f v Sedl\u010danech. P\u0159ihl\u00e1silo se tenkr\u00e1t 12 chlapc\u016f. Chodilo se piln\u011b na sch\u016fzky, hr\u00e1lo loutkov\u00e9 divadlo a t\u00edm se \u010d\u00e1ste\u010dn\u011b z\u00edsk\u00e1valy prost\u0159edky, za n\u011b\u017e se vyrazilo na t\u00e1bor. Psal se rok 1924. Prvn\u00ed t\u00e1bor za\u010dal 9. \u010dervence u Vltavy bl\u00edzko Chol\u00edna. T\u00edmto t\u00e1borem se prakticky odstartovala s r\u016fzn\u00fdmi nucen\u00fdmi pauzami skautsk\u00e1 \u010dinnost na Sedl\u010dansku. Prvn\u00edmi pr\u016fkopn\u00edky byli: Vondra, Bla\u017eek, \u0160ec, Pra\u017ema, N\u011bme\u010dek, Zeman, Pej\u0161a, Poustka, Pavelka, Mal\u00fd, Eli\u0161\u00e1k, \u0160er\u00e1k. To bylo dle dostupn\u00fdch tiskovin prvn\u00edch dvan\u00e1ct pr\u016fkopn\u00edk\u016f. Postupn\u011b p\u0159ich\u00e1zeli dal\u0161\u00ed a dal\u0161\u00ed.<\/p>\n<div id=\"attachment_190\" style=\"width: 388px\" class=\"wp-caption alignnone\"><a href=\"https:\/\/www.skautsedlcany.cz\/wp-content\/uploads\/2018\/02\/history_03.jpg\"><img loading=\"lazy\" decoding=\"async\" aria-describedby=\"caption-attachment-190\" class=\"wp-image-190 size-full\" src=\"https:\/\/www.skautsedlcany.cz\/wp-content\/uploads\/2018\/02\/history_03.jpg\" alt=\"\" width=\"378\" height=\"300\" \/><\/a><p id=\"caption-attachment-190\" class=\"wp-caption-text\">SONY DSC<\/p><\/div>\n<h1>1927<\/h1>\n<p>V roce 1927 se konal dal\u0161\u00ed t\u00e1bor &#8211; Psan\u00e9 sk\u00e1ly za \u00fa\u010dasti patn\u00e1cti chlapc\u016f. N\u00e1sledovaly dal\u0161\u00ed t\u00e1bory: \u201eU P\u0159evozce\u201c (rok 1928), \u201eU Roudn\u00e9\u201c na Lu\u017enici (rok 1929) a v roce 1931 t\u00e1bor \u201eU \u017dupanovic\u201c.<\/p>\n<h1>1932<\/h1>\n<p>Od roku 1932 vedl t\u00e1bory dal\u0161\u00ed nestor skautingu bratr Mik\u00e1nek &#8211; Akela. \u010clov\u011bk veskrze poctiv\u00fd, v\u017edy ochotn\u00fd podat pomocnou ruku, ob\u011btav\u00fd, mysl\u00edc\u00ed sp\u00ed\u0161e na druh\u00e9 ne\u017e na sebe. Soust\u0159edil kolem sebe 21 d\u011bt\u00ed a v za\u010d\u00e1tku \u010dervence spole\u010dn\u011b vyrazili t\u00e1bo\u0159it pod \u201ePsan\u00e9 sk\u00e1ly\u201c &#8211; Poutal na sebe dal\u0161\u00ed a dal\u0161\u00ed skauty, a v\u00a0roce 1933 vyrazili v po\u0159ad\u00ed na sedm\u00fd t\u00e1bor \u201eU\u00a0Rad\u00ed\u010de\u201c, kde t\u00e1bo\u0159ili i v\u00a0letech n\u00e1sleduj\u00edc\u00edch (1934-1936). Nesm\u00edme zapom\u00ednat ve v\u00fd\u010dtu tehdej\u0161\u00edho skautsk\u00e9ho \u017eivota na \u00fa\u010dast sedl\u010dansk\u00fdch skaut\u016f na slovansk\u00e9m Jamboree v Polsku (1935). V\u00a0roce 1937 se v Holandsku se\u0161li se skauty z cel\u00e9ho sv\u011bta. N\u00e1sledovalo prvn\u00ed p\u0159eru\u0161en\u00ed skautsk\u00e9 \u010dinnosti v d\u016fsledku v\u00e1lky.<\/p>\n<div style=\"margin: 10px; text-align: center;\"><a href=\"https:\/\/www.skautsedlcany.cz\/wp-content\/uploads\/2018\/02\/history_02.jpg\"><img loading=\"lazy\" decoding=\"async\" class=\"alignnone wp-image-191 size-full\" style=\"margin-right: 10px;\" src=\"https:\/\/www.skautsedlcany.cz\/wp-content\/uploads\/2018\/02\/history_02.jpg\" alt=\"\" width=\"373\" height=\"300\" \/><\/a><a href=\"https:\/\/www.skautsedlcany.cz\/wp-content\/uploads\/2018\/02\/history_01.jpg\"><img loading=\"lazy\" decoding=\"async\" class=\"alignnone wp-image-192 size-full\" src=\"https:\/\/www.skautsedlcany.cz\/wp-content\/uploads\/2018\/02\/history_01.jpg\" alt=\"\" width=\"405\" height=\"300\" \/><\/a><\/div>\n<h1>1946<\/h1>\n<p><a href=\"https:\/\/www.skautsedlcany.cz\/wp-content\/uploads\/2018\/02\/history_04.jpg\"><img loading=\"lazy\" decoding=\"async\" class=\"alignleft wp-image-201 size-full\" src=\"https:\/\/www.skautsedlcany.cz\/wp-content\/uploads\/2018\/02\/history_04.jpg\" alt=\"\" width=\"208\" height=\"300\" \/><\/a>Po t\u011b\u017ek\u00fdch v\u00e1le\u010dn\u00fdch letech p\u0159ich\u00e1z\u00ed Akela do Sedl\u010dan, aby op\u011bt o\u017eivil skautskou \u010dinnost. Psal se rok 1946. Byl velikou hnac\u00ed silou, d\u00edky kter\u00e9 se postupn\u011b rozb\u011bhla pr\u00e1ce v\u00a0odd\u00edlech. Jeho velkou oporou byli: Heller, Robin, Lang, Simba, Henry, Zoro, Don, Blesk, Luk, Sidi a spousta dal\u0161\u00edch. Vznikaly dru\u017einy Vlk\u016f, Jelen\u016f, Bobr\u016f, Vl\u010dat a\u00a0Tygr\u016f. Zapojily se i\u00a0sestry: Havl\u00edkov\u00e1, Tvrd\u00e1, Berkov\u00e1 a dal\u0161\u00ed. Vznikaj\u00ed tak\u00e9 odd\u00edly v Borot\u00edn\u011b, Po\u010depic\u00edch, Kosov\u011b Ho\u0159e a\u00a0Kam\u00fdku. Rozv\u00edj\u00ed se velice pestr\u00fd skautsk\u00fd \u017eivot, v\u00e1no\u010dn\u00ed bes\u00eddky, z\u00e1polen\u00ed odd\u00edl\u016f a\u00a0mnoho dal\u0161\u00edch skautsk\u00fdch podnik\u016f. U\u017e v roce 1946 byl zorganizov\u00e1n t\u00e1bor na Psan\u00fdch skal\u00e1ch, kter\u00fd vedl bratr Heller. Pro\u00adbu\u00addil v\u00a0chlapc\u00edch touhu po romantice, kamar\u00e1dstv\u00ed a nau\u010dil je radovat se z ka\u017ed\u00e9ho pro\u017eit\u00e9ho okam\u017eiku v kruhu skaut\u016f. V\u011bnoval se jim napl\u00adno. Pod veden\u00edm bratra Hellera nacvi\u010dili chlapci velice p\u011bknou divadeln\u00ed hru \u201eModr\u00fd chrob\u00e1k\u201c. Pozadu nez\u016fst\u00e1valy ani d\u00edvky veden\u00e9 sestrou Havl\u00edkovou. Oblastn\u00ed sn\u011bm v Bene\u0161ov\u011b, kam tenkr\u00e1t Sedl\u010dany pat\u0159ily, m\u011bl velk\u00fd vliv na v\u00fdvoj sedl\u00ad\u010dansk\u00e9ho skautingu.<a href=\"https:\/\/www.skautsedlcany.cz\/wp-content\/uploads\/2018\/02\/history_05.jpg\"><img loading=\"lazy\" decoding=\"async\" class=\"alignright wp-image-200 size-full\" src=\"https:\/\/www.skautsedlcany.cz\/wp-content\/uploads\/2018\/02\/history_05.jpg\" alt=\"\" width=\"190\" height=\"300\" \/><\/a><\/p>\n<p>Ve vlastnictv\u00ed st\u0159ediska byla p\u011bkn\u00e1 chata na Psan\u00fdch skal\u00e1ch. O\u00a0jej\u00edm osudu rozhodla v\u00fdstavba Slapsk\u00e9 p\u0159ehrady. Chata byla rozebr\u00e1na a postupn\u011b odvezena nezn\u00e1mo kam a k\u00fdm. \u0160koda.<\/p>\n<p>Po 2. sv\u011btov\u00e9 v\u00e1lce nechal N\u00e1rodn\u00ed v\u00fdbor v Sedl\u010danech postavit odd\u00edl\u016fm klubovny na m\u00edst\u011b dne\u0161n\u00edho Ji\u017en\u00edho S\u00eddli\u0161t\u011b. \u010cinnost se postupn\u011b rozv\u00edjela. Za\u010dala men\u0161\u00ed \u00faskal\u00ed, kter\u00e1 vyvrcholila v\u00a0pades\u00e1t\u00fdch letech op\u011btovn\u00fdm p\u0159eru\u0161en\u00edm skautsk\u00e9 \u010dinnosti na dobu bezm\u00e1la dvaceti let. Nastala doba nov\u00fdch z\u00edt\u0159k\u016f, nov\u00fdm sm\u011brem, ale tak\u00e9 jin\u00fdch lid\u00ed.<\/p>\n<h1>1968<\/h1>\n<p>P\u0159ich\u00e1z\u00ed rok 1968 a znovuvzk\u0159\u00ed\u0161eni ofici\u00e1ln\u00ed \u010dinnosti skautingu. N\u011bkter\u00e9 odd\u00edly neofici\u00e1ln\u011b za\u010daly fungovat ji\u017e v roce 1966. V\u0161e vy\u00adpuklo 29. b\u0159ezna 1968 a \u010dinnost Jun\u00e1ka se naplno obnovila. V\u00a0Sedl\u010danech se ustanovuj\u00edc\u00ed st\u0159ediskov\u00e1 rada konala ji\u017e 9.dubna. Za\u010dali to tenkr\u00e1t: Akela, Robin, Simba, Long, Jest\u0159\u00e1b, Brum, Hron, Kymla, Don, Machovsk\u00fd, Krej\u010d\u00ed, Rauscherovi, Bernardov\u00e1, Vlachov\u00e1-Tvrd\u00e1, Bos\u00e1kov\u00e1, Skalick\u00e1 a Berkov\u00e1. Tenkr\u00e1t bylo pro n\u00e1s v\u0161echno snadn\u011bji dostupn\u00e9. \u010cinnost se rozjela s takovou vervou, \u017ee jsme v moment\u011b m\u011bli p\u0159es stovku registrovan\u00fdch \u010dlen\u016f.<\/p>\n<p>Bratr Akela se st\u00e1v\u00e1 okrskov\u00fdm velitelem. Organizuj\u00ed se t\u00e1bory a r\u00e1dcovsk\u00e9 kurzy, zakl\u00e1daj\u00ed se nov\u00e9 odd\u00edly. Dr. Merkl &#8211; Hakim se uj\u00edm\u00e1 Sedl\u010dansk\u00e9 dvojky a rozj\u00ed\u017ed\u00ed \u010dinnost ve velk\u00e9m stylu. P\u0159ich\u00e1z\u00ed Zilvar a\u00a0Pr\u00f3fa. V Kosov\u011b Ho\u0159e vznikl odd\u00edl pod veden\u00edm Petra Korby, kter\u00fd kolem sebe soust\u0159edil \u0159adu velmi dobr\u00fdch kluk\u016f, jako Pelh\u0159im\u00e1ci, Pepa Holoubek a spousta dal\u0161\u00edch. Vznik\u00e1 odd\u00edl bratra Ji\u0159\u00edho \u010cerm\u00e1ka &#8211; Jira ve Vrcho\u00adtov\u00fdch Janovic\u00edch, kde se spolu se sestrou \u0160uste\u00adrovou v\u011bnuj\u00ed skaut\u00adsk\u00e9 dro\u00adbo\u00adtin\u011b.<\/p>\n<p>Pr\u00e1v\u011b z t\u00e9to do\u00adby je \u0159ada dobr\u00fdch \u010dinovn\u00edk\u016f dosud v\u00a0na\u00ad\u0161\u00ed organizaci.<\/p>\n<p>U\u017e v roce 1968 se t\u00e1\u00ad\u00adbo\u00ad\u0159ilo na \u0159ad\u011b m\u00edst: \u0160umava, Nad\u011bj\u00adkov, L\u00ed\u0161\u00adnice, Dubliny. Obnovuje se \u010dinnost Les\u00adn\u00ed \u0161koly na \u010cer\u00adve\u00adn\u00e9m Hr\u00e1dku, kde bu\u00addo\u00advy u\u017e v roce 1939 po\u00adm\u00e1\u00adhali stav\u011bt na po\u00adzemku barona Mladoty katoli\u010dt\u00ed skauti. Takov\u00e9 nad\u0161en\u00ed, jako bylo tenkr\u00e1t u n\u00e1s, skautsk\u00e9 hnut\u00ed snad nepamatuje.<\/p>\n<h1>1970<\/h1>\n<p>P\u0159ich\u00e1z\u00ed rok 1970 a op\u011bt vynucen\u00e9 ukon\u010den\u00ed \u010dinnosti skautingu. N\u011bkte\u0159\u00ed kon\u010d\u00ed, jin\u00ed se sna\u017e\u00ed pokra\u010dovat d\u00e1l v turistick\u00fdch a\u00a0pion\u00fdrsk\u00fdch odd\u00edlech. Nakonec se vzd\u00e1vaj\u00ed ofici\u00e1ln\u011b i oni. Nashrom\u00e1\u017ed\u011bn\u00fd majetek se mus\u00ed odevzdat pion\u00fdr\u016fm. Ub\u011bhne dlou\u00adh\u00fdch 19 let.<\/p>\n<h1>1989<\/h1>\n<p>Kone\u010dn\u011b p\u0159ich\u00e1z\u00ed listopad 1989. Ji\u017e v prosinci vznik\u00e1 v\u00a0men\u0161\u00edm kolektivu n\u00e1znak obnoven\u00ed skautsk\u00e9 \u010dinnosti. Na Sedl\u010dansku se v\u0161e konkretizuje na ustanovuj\u00edc\u00ed sch\u016fzce 3. ledna 1990 v klubovn\u011b KDJS. P\u0159ich\u00e1zej\u00ed star\u0161\u00ed i mlad\u0161\u00ed \u010dlenov\u00e9 Jun\u00e1ka. V\u0161e za\u010d\u00edn\u00e1. Do \u010dela se prosazuj\u00ed: Dan, Robin, Pr\u00f3fa, Zub, Hakim, Jir, Emir, \u010c\u00ed\u010da, Mandy a dal\u0161\u00ed. Napojili jsme se na ORJ P\u0159\u00edbram. \u0158e\u0161\u00ed se navr\u00e1cen\u00ed majetku, zat\u00edm marn\u011b. Za\u010d\u00edn\u00e1me prakticky od nuly. Organizuje se \u0159ada v\u00fdlet\u016f, akc\u00ed, po\u0159\u00e1daj\u00ed se t\u00e1bory \u201ePeklo u Kosovy Hory\u201c, \u201eOle\u0161n\u00edk\u201c. Bratr Simba zakl\u00e1d\u00e1 st\u0159edisko v\u011b\u0159\u00edc\u00edch skaut\u016f a organizuje t\u00e1bory na L\u00ed\u0161nici. Pr\u00e1ce v odd\u00edlech prob\u00edh\u00e1 ve skautsk\u00e9m duchu. Organizuj\u00ed se t\u00e1bory &#8211; Chv\u00e1lov (Sm\u00ed\u0161ek), Mastn\u00edk (Emir a Mandy), Hlubok\u00fd les (Akela a\u00a0Kubula).<\/p>\n<p>Na Sedl\u010dansku pracuj\u00ed dv\u011b st\u0159ediska: R\u016f\u017ee a Zvon. Po st\u0159ediskov\u00fdch volb\u00e1ch v roce 1993 se veden\u00ed st\u0159ediska R\u016f\u017ee uj\u00edm\u00e1 Pr\u00f3fa. Zvon je od po\u010d\u00e1tku veden bratrem Simbou. Z\u00fa\u010dast\u0148ujeme se \u010dekatelsk\u00fdch a v\u016fdcovsk\u00fdch kurz\u016f. V roce 1994 je organizov\u00e1na v\u00fdstava 70. let skau\u00ad\u00adtingu na Sedl\u00ad\u010dan\u00adsku. V\u00fdstavu spole\u010dn\u011b organizuj\u00ed ob\u011b st\u0159ediska. V\u00fdborn\u011b se rozjel d\u00edv\u010d\u00ed odd\u00edl pod veden\u00edm D\u00e1dy a Jaby. Odd\u00edlu v Kosov\u00e9 Ho\u0159e se uj\u00edm\u00e1 bratr \u00c1z. Z\u00fa\u010dast\u0148ujeme se i ok\u00adres\u00adn\u00edch kol Svojs\u00edkova z\u00e1\u00advodu a Z\u00e1vodu vl\u010dat a sv\u011btlu\u0161ek. St\u0159ediska spole\u010dn\u011b organizuj\u00ed z\u00e1vody v roce 1994 a\u00a0v\u00a0roce 2001, zapojuj\u00ed se i do akc\u00ed m\u011bsta.<\/p>\n<p>Po roce 1998 kles\u00e1 \u010dlensk\u00e1 z\u00e1kladna, svoji \u010dinnost ukon\u010duj\u00ed n\u011bkter\u00e9 odd\u00edly. St\u0159ediska Zvon se uj\u00edm\u00e1 bratr Milan V\u00e1cha. P\u0159i organizov\u00e1n\u00ed okresn\u00edho kola Svojs\u00edkova z\u00e1vodu skautsk\u00fdch hl\u00eddek v\u00a0roce 2001 se objevuje my\u0161lenka spojen\u00ed obou st\u0159edisek. Situace vy\u00fas\u0165uje v jejich slou\u010den\u00ed.<\/p>\n<p><a href=\"https:\/\/www.skautsedlcany.cz\/wp-content\/uploads\/2018\/02\/history_06.jpg\"><img loading=\"lazy\" decoding=\"async\" class=\"aligncenter wp-image-205 size-full\" src=\"https:\/\/www.skautsedlcany.cz\/wp-content\/uploads\/2018\/02\/history_06.jpg\" alt=\"\" width=\"445\" height=\"300\" \/><\/a><\/p>\n<h1>2002<\/h1>\n<p>V\u0161e se uskute\u010dnilo 9. \u00fanora 2002, kdy je volbami ustaveno veden\u00ed st\u0159ediska Zvon, do kter\u00e9ho st\u0159edisko R\u016f\u017ee vstupuje. Veden\u00ed se uj\u00edm\u00e1 bratr Pr\u00f3fa zastoupen bratrem Du\u0161anem V\u00e1chou, hospod\u00e1\u0159em Milanem V\u00e1chou a ve veden\u00ed jsou i dal\u0161\u00ed z obou b\u00fdval\u00fdch st\u0159edisek: Kubula, J\u00e9\u0148a, \u010c\u00ed\u010da, \u00c1z, Ver\u010da, Mandy a MUDr. Nov\u00e1k. Nast\u00e1v\u00e1 novodob\u00e1 \u00e9ra skautingu na Sedl\u010dansku.<\/p>\n<p>St\u0159edisko se po spojen\u00ed velmi dob\u0159e rozjelo. M\u011bli jsme a\u00a0m\u00e1me dost \u0161ikovn\u00fdch \u010dlen\u016f. Uspo\u0159\u00e1dala se \u0159ada akc\u00ed jako: \u201eEkstr\u00e9m t\u00far\u201c, \u201eDnem i\u00a0noc\u00ed\u201c, skautsk\u00e9 z\u00e1vody (Svojs\u00edk\u016fv a vl\u010dat a sv\u011btlu\u0161ek 2007 a 2012) a dal\u0161\u00ed. Obnovili jsme i z\u00e1pisy do m\u011bstsk\u00e9 kroniky, uspo\u0159\u00e1dali jsme draki\u00e1dy, mikul\u00e1\u0161sk\u00e9 a v\u00e1no\u010dn\u00ed bes\u00eddky. Za\u010dalo n\u00e1m i ub\u00fdvat \u010dlen\u016f, ale velmi dobrou prac\u00ed v\u0161ech se op\u011bt \u010dlensk\u00e1 z\u00e1kladna za\u010dala zvy\u0161ovat.<\/p>\n<p>Nech\u0165 mi prominou v\u0161ichni Ti, na kter\u00e9 je v tomto stru\u010dn\u00e9m v\u00fd\u010dtu zapomenuto. Vzd\u00e1v\u00e1me \u010dest v\u0161em skaut\u016fm, kte\u0159\u00ed mezi n\u00e1mi ji\u017e nejsou.<\/p>\n<p>M\u00e1me u\u017e te\u010f jistotu, \u017ee se skauting na Sedl\u010dansku neztrat\u00ed a\u00a0bude fungovat st\u00e1le d\u00e1l a d\u00e1l bez p\u0159est\u00e1vek.<\/p>\n<h1>St\u0159\u00edpky ze sou\u010dasnosti<\/h1>\n<p>Skauting pro\u0161el v minul\u00e9m stolet\u00ed bou\u0159liv\u00fdm v\u00fdvojem a na prahu jednadvac\u00e1t\u00e9ho m\u00e1 b\u00fdt na co py\u0161n\u00fd. Nicm\u00e9n\u011b stejn\u011b d\u016fle\u017eit\u00e1 jako retrospektiva je tak\u00e9 konkr\u00e9tn\u00ed vize, kter\u00e1 d\u011bl\u00e1 skauting skautingem a kter\u00e1 (tak jako na po\u010d\u00e1tku) oslov\u00ed mladou generaci.<\/p>\n<p>V sou\u010dasn\u00e9 dob\u011b technokratick\u00e9ho pokroku a slo\u017eit\u00e9ho soci\u00e1ln\u011b-politick\u00e9ho neklidu z\u00edsk\u00e1v\u00e1 skauting nov\u00fd rozm\u011br. Z\u00a0v\u00fdchovn\u00e9ho hnut\u00ed a jak\u00e9ho si souboru mor\u00e1ln\u00edch hodnot se st\u00e1v\u00e1 komplexn\u00ed n\u00e1zor na sv\u011bt, na spole\u010denstv\u00ed lid\u00ed dobr\u00e9 v\u016fle a po\u010detn\u00fd z\u00e1stup ochr\u00e1nc\u016f p\u0159\u00edrody.<\/p>\n<p>\u010clensk\u00e1 z\u00e1kladna sou\u010dasn\u00e9ho sedl\u010dansk\u00e9ho st\u0159ediska nen\u00ed z\u00a0nejpo\u010detn\u011bj\u0161\u00edch, p\u0159esto se sna\u017e\u00edme v r\u00e1mci sv\u00fdch mo\u017enost\u00ed uchov\u00e1vat d\u011bdictv\u00ed na\u0161ich skautsk\u00fdch otc\u016f a p\u0159id\u00e1vat k n\u011bmu vlastn\u00ed cenn\u00e9 zku\u0161enosti. St\u00e1le po\u0159\u00e1d\u00e1me letn\u00ed t\u00e1bory a sch\u00e1z\u00edme se na sch\u016fzk\u00e1ch, abychom mlad\u0161\u00ed bratry a sestry nau\u010dili skautsk\u00e9 praxi a\u00a0pokusili se vychovat v nich sv\u00e9 n\u00e1stupce a \u017eivotn\u00ed kamar\u00e1dy. Neda\u0159\u00ed se n\u00e1m to l\u00e9pe ne\u017e na\u0161im p\u0159edch\u016fdc\u016fm, jen na\u0161e sna\u017een\u00ed usnad\u0148uje i\u00a0komplikuje internet, mobiln\u00ed komunikace, virtu\u00e1ln\u00ed realita po\u010d\u00edta\u010dov\u00fdch her a mnoho dal\u0161\u00edch vymo\u017eenost\u00ed, kter\u00e9 na\u0161e babi\u010dky neznaly.<\/p>\n<h1>Odd\u00edly dnes<\/h1>\n<p>V sou\u010dasn\u00e9 dob\u011b funguje st\u0159edisko Sedl\u010dany na z\u00e1klad\u011b dvou d\u011btsk\u00fdch odd\u00edl\u016f. Samotn\u00e9 st\u0159edisko sdru\u017euje p\u0159ev\u00e1\u017en\u011b skautsk\u00e9 \u010dinovn\u00edky. D\u011btsk\u00e9 odd\u00edly pracuj\u00ed v Kosov\u011b Ho\u0159e \u2013 d\u00edv\u010d\u00ed a chlapeck\u00fd, kter\u00e9 spolupracuj\u00ed jako jeden velk\u00fd sm\u00ed\u0161en\u00fd odd\u00edl, s \u0159adou kvalifikovan\u00fdch v\u016fdc\u016f a sedmdes\u00e1tkou aktivn\u00edch \u010dlen\u016f. Pravideln\u00e9 t\u00fddenn\u00ed sch\u016fzky se konaj\u00ed v klubovn\u011b na vlakov\u00e9m n\u00e1dra\u017e\u00ed. Ve st\u0159edu jednou za 14 dn\u00ed se sch\u00e1z\u00ed benjam\u00ednci Kl\u00ed\u0161\u0165ata &#8211; p\u0159ed\u0161kol\u00e1ci a<span class=\"nounderlines\">\u00a0<\/span>prv\u0148\u00e1ci. V pond\u011bl\u00ed se sch\u00e1z\u00ed vl\u010data a sv\u011btlu\u0161ky \u2013 chlapci a<span class=\"nounderlines\">\u00a0<\/span>d\u011bv\u010data do 11 let. Star\u0161\u00ed od 11 do 15 let maj\u00ed sv\u016fj program v<span class=\"nounderlines\">\u00a0<\/span>p\u00e1tek. V<span class=\"nounderlines\">\u00a0<\/span>pr\u016fb\u011bhu roku po\u0159\u00e1d\u00e1 odd\u00edl \u0159adu jednodenn\u00edch i v\u00edkendov\u00fdch v\u00fdprav, sportovn\u00ed i kulturn\u00ed akce pro sebe i<span class=\"nounderlines\">\u00a0<\/span>ve\u0159ejnost a p\u0159edev\u0161\u00edm letn\u00ed \u010dtrn\u00e1ctidenn\u00ed t\u00e1bor.<\/p>\n","protected":false},"excerpt":{"rendered":"<p>Od po\u010d\u00e1tk\u016f k\u00a0sou\u010dasnosti Kdy\u017e u\u010ditel t\u011blocviku \u017ei\u017ekovsk\u00e9 re\u00e1lky Anton\u00edn Benjamin Svojs\u00edk v roce 1911 po n\u00e1vratu z\u00a0dvoudenn\u00ed st\u00e1\u017ee v\u00a0Anglii za\u010d\u00edn\u00e1 formovat ideovou z\u00e1kladnu \u010desk\u00e9ho skautingu &#8211; nov\u00e9ho v\u00fdchovn\u00e9ho sm\u011bru &#8211; jist\u011b netu\u0161\u00ed, \u017ee lidstvo vstupuje do stolet\u00ed paradox\u016f, krvav\u00fdch v\u00e1lek a vyhlazovac\u00edch t\u00e1bor\u016f. Do stolet\u00ed, ve kter\u00e9m se poprv\u00e9 objevuje re\u00e1ln\u00e1 hrozba glob\u00e1ln\u00edho zni\u010deni planety. <a href=\"https:\/\/www.skautsedlcany.cz\/index.php\/historie\/\" rel=\"nofollow\"><span class=\"sr-only\">P\u0159e\u010d\u00edst si v\u00edc oHistorie<\/span>[&hellip;]<\/a><\/p>\n","protected":false},"author":1,"featured_media":0,"parent":0,"menu_order":200,"comment_status":"closed","ping_status":"closed","template":"","meta":{"footnotes":""},"_links":{"self":[{"href":"https:\/\/www.skautsedlcany.cz\/index.php\/wp-json\/wp\/v2\/pages\/184"}],"collection":[{"href":"https:\/\/www.skautsedlcany.cz\/index.php\/wp-json\/wp\/v2\/pages"}],"about":[{"href":"https:\/\/www.skautsedlcany.cz\/index.php\/wp-json\/wp\/v2\/types\/page"}],"author":[{"embeddable":true,"href":"https:\/\/www.skautsedlcany.cz\/index.php\/wp-json\/wp\/v2\/users\/1"}],"replies":[{"embeddable":true,"href":"https:\/\/www.skautsedlcany.cz\/index.php\/wp-json\/wp\/v2\/comments?post=184"}],"version-history":[{"count":21,"href":"https:\/\/www.skautsedlcany.cz\/index.php\/wp-json\/wp\/v2\/pages\/184\/revisions"}],"predecessor-version":[{"id":491,"href":"https:\/\/www.skautsedlcany.cz\/index.php\/wp-json\/wp\/v2\/pages\/184\/revisions\/491"}],"wp:attachment":[{"href":"https:\/\/www.skautsedlcany.cz\/index.php\/wp-json\/wp\/v2\/media?parent=184"}],"curies":[{"name":"wp","href":"https:\/\/api.w.org\/{rel}","templated":true}]}}