{"id":2,"date":"2016-01-31T18:37:34","date_gmt":"2016-01-31T17:37:34","guid":{"rendered":"http:\/\/www.skautsedlcany.cz\/?page_id=2"},"modified":"2021-01-17T11:48:51","modified_gmt":"2021-01-17T10:48:51","slug":"zkusebni-stranka","status":"publish","type":"page","link":"https:\/\/www.skautsedlcany.cz\/","title":{"rendered":"Dom\u016f"},"content":{"rendered":"<p>V\u00e1\u017een\u00ed n\u00e1v\u0161t\u011bvn\u00edci, str\u00e1nky st\u00e1le dotv\u00e1\u0159\u00edme. D\u011bkujeme za pochopen\u00ed.<\/p>\n<h2>Odkazy<\/h2>\n<table class=\"gridview\" summary=\"\" cellspacing=\"0\" cellpadding=\"0\">\n<tbody>\n<tr>\n<td><a href=\"http:\/\/www.skaut.cz\/\"><img decoding=\"async\" class=\"aligncenter\" src=\"http:\/\/zvon.sedlcany.dneminoci.cz\/img\/sponzor_junak.png\" alt=\"Jun\u00e1k - \u010desk\u00fd skaut\"><\/a><\/td>\n<td>&nbsp;<\/td>\n<td><a href=\"http:\/\/www.skaut.cz\/\">Jun\u00e1k &#8211; \u010desk\u00fd skaut, z. s.<\/a><\/td>\n<td>&nbsp;<\/td>\n<td><a href=\"http:\/\/www.skaut.cz\/\">http:\/\/www.skaut.cz\/<\/a><\/td>\n<td>&nbsp;<\/td>\n<\/tr>\n<tr class=\"AspNet-GridView-Alternate\">\n<td><a href=\"http:\/\/krizovatka.skaut.cz\/\"><img decoding=\"async\" class=\"aligncenter\" src=\"http:\/\/zvon.sedlcany.dneminoci.cz\/img\/sponzor_junak.png\" alt=\"Jun\u00e1k - \u010desk\u00fd skaut\"><\/a><\/td>\n<td>&nbsp;<\/td>\n<td style=\"text-align: left;\"><a href=\"http:\/\/krizovatka.skaut.cz\/\">Skautsk\u00e1 k\u0159i\u017eovatka<\/a><\/td>\n<td>&nbsp;<\/td>\n<td style=\"text-align: left;\"><a href=\"http:\/\/krizovatka.skaut.cz\/\">http:\/\/krizovatka.skaut.cz\/<\/a><\/td>\n<td>&nbsp;<\/td>\n<\/tr>\n<tr>\n<td><a href=\"http:\/\/www.orjpb.cz\/\"><img decoding=\"async\" class=\"aligncenter\" src=\"http:\/\/zvon.sedlcany.dneminoci.cz\/img\/sponzor_junak.png\" alt=\"Jun\u00e1k - \u010desk\u00fd skaut\"><\/a><\/td>\n<td>&nbsp;<\/td>\n<td style=\"text-align: left;\"><a href=\"http:\/\/www.orjpb.cz\/\">ORJ P\u0159\u00edbram<\/a><\/td>\n<td>&nbsp;<\/td>\n<td style=\"text-align: left;\"><a href=\"http:\/\/www.orjpb.cz\/\">http:\/\/www.orjpb.cz\/<\/a><\/td>\n<td>&nbsp;<\/td>\n<\/tr>\n<tr>\n<td>&nbsp;<a href=\"http:\/\/www.skautkh.webgarden.cz\/\" rel=\"attachment wp-att-47\"><img loading=\"lazy\" decoding=\"async\" class=\"wp-image-47 aligncenter\" src=\"http:\/\/www.skautsedlcany.cz\/wp-content\/uploads\/2016\/01\/Export1.png\" alt=\"KOS\" width=\"59\" height=\"59\"><\/a><\/td>\n<td>&nbsp;<\/td>\n<td style=\"text-align: left;\">&nbsp;<a href=\"http:\/\/www.skautkh.webgarden.cz\/\">1. odd\u00edl KOS Kosova Hora<\/a><\/td>\n<td>&nbsp;<\/td>\n<td style=\"text-align: left;\">&nbsp;<a href=\"http:\/\/www.skautkh.webgarden.cz\/\">http:\/\/www.skautkh.webgarden.cz\/<\/a><\/td>\n<td>&nbsp;<\/td>\n<\/tr>\n<tr>\n<td>&nbsp;<a href=\"http:\/\/zvon.sedlcany.cz\/\" rel=\"attachment wp-att-51\"><img loading=\"lazy\" decoding=\"async\" class=\"size-full wp-image-51 aligncenter\" src=\"http:\/\/www.skautsedlcany.cz\/wp-content\/uploads\/2016\/01\/logo_zvon.png\" alt=\"logo_zvon\" width=\"59\" height=\"68\"><\/a><\/td>\n<td>&nbsp;<\/td>\n<td style=\"text-align: left;\">&nbsp;<a href=\"http:\/\/zvon.sedlcany.cz\/\">P\u016fvodn\u00ed st\u0159ediskov\u00e9 str\u00e1nky<\/a><\/td>\n<td>&nbsp;<\/td>\n<td style=\"text-align: left;\">&nbsp;<a href=\"http:\/\/zvon.sedlcany.cz\/\">http:\/\/zvon.sedlcany.cz\/<\/a><\/td>\n<td>&nbsp;<\/td>\n<\/tr>\n<tr>\n<td>&nbsp;<a href=\"http:\/\/zvon.sedlcany.dneminoci.cz\/\" rel=\"attachment wp-att-52\"><img loading=\"lazy\" decoding=\"async\" class=\"wp-image-52 aligncenter\" src=\"http:\/\/www.skautsedlcany.cz\/wp-content\/uploads\/2016\/01\/logo90.png\" alt=\"logo90\" width=\"107\" height=\"54\"><\/a><\/td>\n<td>&nbsp;<\/td>\n<td style=\"text-align: left;\">&nbsp;<a href=\"http:\/\/zvon.sedlcany.dneminoci.cz\/\">V\u00fdro\u010d\u00ed 90 let skautingu na Sedl\u010dansku<\/a><\/td>\n<td>&nbsp;<\/td>\n<td style=\"text-align: left;\">&nbsp;<a href=\"http:\/\/zvon.sedlcany.dneminoci.cz\/\">http:\/\/zvon.sedlcany.dneminoci.cz\/<\/a><\/td>\n<td>&nbsp;<\/td>\n<\/tr>\n<\/tbody>\n<\/table>\n<h2>Sponzo\u0159i<\/h2>\n<ul>\n<li>Hlavn\u00ed sponzor: <strong>Rodi\u010de d\u011bt\u00ed<\/strong><\/li>\n<li>Dal\u0161\u00ed sponzo\u0159i:<\/li>\n<\/ul>\n<table class=\"gridview aligncenter\" style=\"line-height: 1.5;\" summary=\"\" cellspacing=\"0\" cellpadding=\"0\">\n<tbody>\n<tr>\n<td>&nbsp;<a href=\"http:\/\/www.msmt.cz\/\" rel=\"attachment wp-att-54\"><img loading=\"lazy\" decoding=\"async\" class=\"aligncenter\" src=\"http:\/\/www.skautsedlcany.cz\/wp-content\/uploads\/2016\/01\/logo-cs.png\" alt=\"logo-cs\" width=\"118\" height=\"89\"><\/a><\/td>\n<td>&nbsp;<\/td>\n<td><a href=\"http:\/\/www.msmt.cz\/\">Ministerstvo \u0161kolstv\u00ed ml\u00e1de\u017ee a t\u011blov\u00fdchovy \u010cR<\/a><br \/>\nprost\u0159ednictv\u00edm<br \/>\n<a href=\"http:\/\/www.orjpb.cz\/\">ORJ P\u0159\u00edbram<\/a><\/td>\n<td>&nbsp;<\/td>\n<td>&nbsp;<\/td>\n<\/tr>\n<tr>\n<td>&nbsp;<a href=\"http:\/\/www.kosovahora.cz\/\"><img loading=\"lazy\" decoding=\"async\" class=\"aligncenter\" src=\"http:\/\/zvon.sedlcany.dneminoci.cz\/img\/sponzor_kosova_hora.png\" alt=\"Obec Kosova Hora\" width=\"77\" height=\"89\"><\/a><\/td>\n<td>&nbsp;<\/td>\n<td>&nbsp;<a href=\"http:\/\/www.kosovahora.cz\/\">Obec Kosova Hora<\/a><\/td>\n<td>&nbsp;<\/td>\n<td>&nbsp;<\/td>\n<\/tr>\n<tr>\n<td>&nbsp;<a href=\"http:\/\/www.stros.cz\/cz\/\" rel=\"attachment wp-att-53\"><img loading=\"lazy\" decoding=\"async\" class=\"aligncenter\" src=\"http:\/\/www.skautsedlcany.cz\/wp-content\/uploads\/2016\/01\/logoStros.jpg\" alt=\"logoStros\" width=\"200\" height=\"38\"><\/a><\/td>\n<td><span style=\"color: #ffffff;\">&nbsp;___&nbsp;<\/span><\/td>\n<td><a href=\"http:\/\/www.stros.cz\/cz\/\">STROS &#8211; Sedl\u010dansk\u00e9 stroj\u00edrny, a. s.<\/a><\/td>\n<td>&nbsp;<\/td>\n<td>&nbsp;<\/td>\n<\/tr>\n<tr>\n<td>&nbsp;<a href=\"http:\/\/mesto-sedlcany.cz\/\"><img loading=\"lazy\" decoding=\"async\" class=\"aligncenter\" src=\"http:\/\/zvon.sedlcany.dneminoci.cz\/img\/sponzor_sedlcany.png\" alt=\"M\u011bstsk\u00fd \u00fa\u0159ad Sedl\u010dany\" width=\"98\" height=\"96\"><\/a><\/td>\n<td>&nbsp;<\/td>\n<td>&nbsp;<a href=\"http:\/\/mesto-sedlcany.cz\/\">M\u011bsto Sedl\u010dany<\/a><\/td>\n<td>&nbsp;<\/td>\n<td>&nbsp;<\/td>\n<\/tr>\n<\/tbody>\n<\/table>\n","protected":false},"excerpt":{"rendered":"<p>V\u00e1\u017een\u00ed n\u00e1v\u0161t\u011bvn\u00edci, str\u00e1nky st\u00e1le dotv\u00e1\u0159\u00edme. D\u011bkujeme za pochopen\u00ed. Odkazy &nbsp; Jun\u00e1k &#8211; \u010desk\u00fd skaut, z. s. &nbsp; http:\/\/www.skaut.cz\/ &nbsp; &nbsp; Skautsk\u00e1 k\u0159i\u017eovatka &nbsp; http:\/\/krizovatka.skaut.cz\/ &nbsp; &nbsp; ORJ P\u0159\u00edbram &nbsp; http:\/\/www.orjpb.cz\/ &nbsp; &nbsp; &nbsp; &nbsp;1. odd\u00edl KOS Kosova Hora &nbsp; &nbsp;http:\/\/www.skautkh.webgarden.cz\/ &nbsp; &nbsp; &nbsp; &nbsp;P\u016fvodn\u00ed st\u0159ediskov\u00e9 str\u00e1nky &nbsp; &nbsp;http:\/\/zvon.sedlcany.cz\/ &nbsp; &nbsp; &nbsp; &nbsp;V\u00fdro\u010d\u00ed 90 let skautingu <a href=\"https:\/\/www.skautsedlcany.cz\/\" rel=\"nofollow\"><span class=\"sr-only\">P\u0159e\u010d\u00edst si v\u00edc oDom\u016f<\/span>[&hellip;]<\/a><\/p>\n","protected":false},"author":1,"featured_media":0,"parent":0,"menu_order":100,"comment_status":"closed","ping_status":"closed","template":"","meta":{"footnotes":""},"_links":{"self":[{"href":"https:\/\/www.skautsedlcany.cz\/index.php\/wp-json\/wp\/v2\/pages\/2"}],"collection":[{"href":"https:\/\/www.skautsedlcany.cz\/index.php\/wp-json\/wp\/v2\/pages"}],"about":[{"href":"https:\/\/www.skautsedlcany.cz\/index.php\/wp-json\/wp\/v2\/types\/page"}],"author":[{"embeddable":true,"href":"https:\/\/www.skautsedlcany.cz\/index.php\/wp-json\/wp\/v2\/users\/1"}],"replies":[{"embeddable":true,"href":"https:\/\/www.skautsedlcany.cz\/index.php\/wp-json\/wp\/v2\/comments?post=2"}],"version-history":[{"count":9,"href":"https:\/\/www.skautsedlcany.cz\/index.php\/wp-json\/wp\/v2\/pages\/2\/revisions"}],"predecessor-version":[{"id":377,"href":"https:\/\/www.skautsedlcany.cz\/index.php\/wp-json\/wp\/v2\/pages\/2\/revisions\/377"}],"wp:attachment":[{"href":"https:\/\/www.skautsedlcany.cz\/index.php\/wp-json\/wp\/v2\/media?parent=2"}],"curies":[{"name":"wp","href":"https:\/\/api.w.org\/{rel}","templated":true}]}}