{"id":372,"date":"2021-01-17T11:47:33","date_gmt":"2021-01-17T10:47:33","guid":{"rendered":"http:\/\/www.skautsedlcany.cz\/?page_id=372"},"modified":"2024-03-02T10:07:02","modified_gmt":"2024-03-02T09:07:02","slug":"o-nas","status":"publish","type":"page","link":"https:\/\/www.skautsedlcany.cz\/index.php\/o-nas\/","title":{"rendered":"O n\u00e1s"},"content":{"rendered":"\n<h2 class=\"wp-block-heading has-medium-font-size\">St\u0159edisko Sedl\u010dany<\/h2>\n\n\n\n<p>Je z\u00e1kladn\u00ed organiza\u010dn\u00ed jednotkou spolku Jun\u00e1k \u2013 \u010desk\u00fd skaut, kter\u00fd v \u010cR sdru\u017euje p\u0159es 75 tis\u00edc \u010dlenek a<br>\u010dlen\u016f.<\/p>\n\n\n\n<p>St\u0159edisko poskytuje materi\u00e1ln\u00ed a technick\u00e9 z\u00e1zem\u00ed pro \u010dinnost sv\u00fdch v\u00fdchovn\u00fdch jednotek \u2013 odd\u00edl\u016f.<\/p>\n\n\n\n<p>V sou\u010dasnosti zaji\u0161\u0165uje skautskou v\u00fdchovu d\u011bt\u00ed a ml\u00e1de\u017ee ve dvou odd\u00edlech p\u016fsob\u00edc\u00edch v Kosov\u011b Ho\u0159e.<br>St\u0159edisko Sedl\u010dany veden\u00e9 st\u0159ediskovou radou a spadaj\u00edc\u00ed pod Okresn\u00ed radu Jun\u00e1ka v P\u0159\u00edbrami v roce<br>2024 registruje 113 \u010dlen\u016f.<\/p>\n\n\n\n<p>V\u00edce informac\u00ed o d\u011btsk\u00fdch odd\u00edlech na: <a href=\"https:\/\/skaut-kh.skauting.cz\" target=\"_blank\" rel=\"noreferrer noopener\">https:\/\/skaut-kh.skauting.cz<\/a><\/p>\n\n\n\n<p><\/p>\n\n\n\n<h3>Sponzo\u0159i<\/h3>\n<br>\n<ul>\n    <li>Hlavn\u00ed sponzor: <strong>Rodi\u010de d\u011bt\u00ed<\/strong><\/li>\n    <li>Dal\u0161\u00ed sponzo\u0159i:<\/li>\n<\/ul>\n<br>\n<table class=\"gridview aligncenter\" style=\"line-height: 1.5;\" summary=\"\" cellspacing=\"0\" cellpadding=\"0\" style=\"margin-top: 2rem;\">\n    <tbody>\n        <tr>\n            <td> <a href=\"http:\/\/www.msmt.cz\/\" rel=\"attachment wp-att-54\"><img loading=\"lazy\" decoding=\"async\" class=\"aligncenter\" src=\"https:\/\/www.skautsedlcany.cz\/wp-content\/uploads\/2016\/01\/logo-cs.png\" alt=\"logo-cs\" width=\"120\" height=\"90\"><\/a><\/td>\n            <td><a href=\"http:\/\/www.msmt.cz\/\">Ministerstvo \u0161kolstv\u00ed ml\u00e1de\u017ee a t\u011blov\u00fdchovy\n                    \u010cR<\/a><br>prost\u0159ednictv\u00edm <a href=\"http:\/\/www.orjpb.cz\/\">ORJ P\u0159\u00edbram<\/a><\/td>\n        <\/tr>\n        <tr>\n            <td> <a href=\"http:\/\/www.kosovahora.cz\/\"><img loading=\"lazy\" decoding=\"async\" class=\"aligncenter\" src=\"https:\/\/www.skautsedlcany.cz\/wp-content\/uploads\/2021\/01\/sponzor_kosova_hora.png\" alt=\"Obec Kosova Hora\" width=\"120\" height=\"90\"><\/a><\/td>\n            <td> <a href=\"http:\/\/www.kosovahora.cz\/\">Obec Kosova Hora<\/a><\/td>\n        <\/tr>\n        <tr>\n            <td> <a href=\"http:\/\/mesto-sedlcany.cz\/\"><img loading=\"lazy\" decoding=\"async\" class=\"aligncenter\" src=\"https:\/\/www.skautsedlcany.cz\/wp-content\/uploads\/2021\/01\/sponzor_sedlcany.png\" alt=\"M\u011bstsk\u00fd \u00fa\u0159ad Sedl\u010dany\" width=\"120\" height=\"96\"><\/a><\/td>\n            <td> <a href=\"http:\/\/mesto-sedlcany.cz\/\">M\u011bsto Sedl\u010dany<\/a><\/td>\n        <\/tr>\n    <\/tbody>\n<\/table>\n\n<br><br>\n\n<h3>Odkazy<\/h3>\n\n<table style=\"margin-top: 1rem;\" class=\"gridview aligncenter\" summary=\"\" cellspacing=\"0\" cellpadding=\"0\">\n    <tbody>\n        <tr>\n            <td><a href=\"http:\/\/www.skaut.cz\/\"><img decoding=\"async\" class=\"aligncenter\" src=\"https:\/\/www.skautsedlcany.cz\/wp-content\/uploads\/2021\/01\/sponzor_junak.png\" alt=\"Jun\u00e1k - \u010desk\u00fd skaut\"><\/a>\n            <\/td>\n            <td><a href=\"http:\/\/www.skaut.cz\/\">Jun\u00e1k &#8211; \u010desk\u00fd skaut, z. s.<\/a><\/td>\n        <\/tr>\n        <tr class=\"AspNet-GridView-Alternate\">\n            <td><a href=\"http:\/\/krizovatka.skaut.cz\/\"><img decoding=\"async\" class=\"aligncenter\" src=\"https:\/\/www.skautsedlcany.cz\/wp-content\/uploads\/2021\/01\/sponzor_junak.png\" alt=\"Jun\u00e1k - \u010desk\u00fd skaut\"><\/a>\n            <\/td>\n            <td style=\"text-align: left;\"><a href=\"http:\/\/krizovatka.skaut.cz\/\">Skautsk\u00e1 k\u0159i\u017eovatka<\/a><\/td>\n        <\/tr>\n        <tr>\n            <td><a href=\"http:\/\/www.orjpb.cz\/\"><img decoding=\"async\" class=\"aligncenter\" src=\"https:\/\/www.skautsedlcany.cz\/wp-content\/uploads\/2021\/01\/sponzor_junak.png\" alt=\"Jun\u00e1k - \u010desk\u00fd skaut\"><\/a>\n            <\/td>\n            <td style=\"text-align: left;\"><a href=\"http:\/\/www.orjpb.cz\/\">ORJ P\u0159\u00edbram<\/a><\/td>\n        <\/tr>\n        <tr>\n            <td> <a href=\"http:\/\/www.skautkh.webgarden.cz\/\" rel=\"attachment wp-att-47\"><img loading=\"lazy\" decoding=\"async\" class=\"wp-image-47 aligncenter\" src=\"https:\/\/www.skautsedlcany.cz\/wp-content\/uploads\/2016\/01\/Export1.png\" alt=\"KOS\" width=\"59\" height=\"59\"><\/a><\/td>\n            <td style=\"text-align: left;\"> <a href=\"http:\/\/skaut-kh.skauting.cz\/\">1. odd\u00edl KOS Kosova Hora<\/a><\/td>\n        <\/tr>\n        <tr>\n            <td> <a href=\"http:\/\/zvon.sedlcany.dneminoci.cz\/\" rel=\"attachment wp-att-52\"><img loading=\"lazy\" decoding=\"async\" class=\"wp-image-52 aligncenter\" src=\"https:\/\/www.skautsedlcany.cz\/wp-content\/uploads\/2016\/01\/logo90.png\" alt=\"logo90\" width=\"107\" height=\"54\"><\/a><\/td>\n            <td style=\"text-align: left;\"> <a href=\"http:\/\/zvon.sedlcany.dneminoci.cz\/\">V\u00fdro\u010d\u00ed 90 let skautingu na\n                    Sedl\u010dansku<\/a><\/td>\n        <\/tr>\n    <\/tbody>\n<\/table>\n\n\n\n<p><\/p>\n","protected":false},"excerpt":{"rendered":"<p>St\u0159edisko Sedl\u010dany Je z\u00e1kladn\u00ed organiza\u010dn\u00ed jednotkou spolku Jun\u00e1k \u2013 \u010desk\u00fd skaut, kter\u00fd v \u010cR sdru\u017euje p\u0159es 75 tis\u00edc \u010dlenek a\u010dlen\u016f. St\u0159edisko poskytuje materi\u00e1ln\u00ed a technick\u00e9 z\u00e1zem\u00ed pro \u010dinnost sv\u00fdch v\u00fdchovn\u00fdch jednotek \u2013 odd\u00edl\u016f. V sou\u010dasnosti zaji\u0161\u0165uje skautskou v\u00fdchovu d\u011bt\u00ed a ml\u00e1de\u017ee ve dvou odd\u00edlech p\u016fsob\u00edc\u00edch v Kosov\u011b Ho\u0159e.St\u0159edisko Sedl\u010dany veden\u00e9 st\u0159ediskovou radou a spadaj\u00edc\u00ed pod <a href=\"https:\/\/www.skautsedlcany.cz\/index.php\/o-nas\/\" rel=\"nofollow\"><span class=\"sr-only\">P\u0159e\u010d\u00edst si v\u00edc oO n\u00e1s<\/span>[&hellip;]<\/a><\/p>\n","protected":false},"author":1,"featured_media":0,"parent":0,"menu_order":110,"comment_status":"closed","ping_status":"closed","template":"","meta":{"footnotes":""},"_links":{"self":[{"href":"https:\/\/www.skautsedlcany.cz\/index.php\/wp-json\/wp\/v2\/pages\/372"}],"collection":[{"href":"https:\/\/www.skautsedlcany.cz\/index.php\/wp-json\/wp\/v2\/pages"}],"about":[{"href":"https:\/\/www.skautsedlcany.cz\/index.php\/wp-json\/wp\/v2\/types\/page"}],"author":[{"embeddable":true,"href":"https:\/\/www.skautsedlcany.cz\/index.php\/wp-json\/wp\/v2\/users\/1"}],"replies":[{"embeddable":true,"href":"https:\/\/www.skautsedlcany.cz\/index.php\/wp-json\/wp\/v2\/comments?post=372"}],"version-history":[{"count":22,"href":"https:\/\/www.skautsedlcany.cz\/index.php\/wp-json\/wp\/v2\/pages\/372\/revisions"}],"predecessor-version":[{"id":616,"href":"https:\/\/www.skautsedlcany.cz\/index.php\/wp-json\/wp\/v2\/pages\/372\/revisions\/616"}],"wp:attachment":[{"href":"https:\/\/www.skautsedlcany.cz\/index.php\/wp-json\/wp\/v2\/media?parent=372"}],"curies":[{"name":"wp","href":"https:\/\/api.w.org\/{rel}","templated":true}]}}