{"id":40,"date":"2016-03-07T21:13:49","date_gmt":"2016-03-07T20:13:49","guid":{"rendered":"http:\/\/www.skautsedlcany.cz\/?page_id=40"},"modified":"2023-12-29T11:34:27","modified_gmt":"2023-12-29T10:34:27","slug":"kontakty-2","status":"publish","type":"page","link":"https:\/\/www.skautsedlcany.cz\/index.php\/kontakty-2\/","title":{"rendered":"Kontakty"},"content":{"rendered":"\n<p>N\u00e1zev jednotky:<br><strong>st\u0159edisko Sedl\u010dany<\/strong><\/p>\n\n\n\n<p>\u00dapln\u00fd n\u00e1zev:<br><strong>Jun\u00e1k \u2013 \u010desk\u00fd skaut, st\u0159edisko Sedl\u010dany,&nbsp;z.&nbsp;s.<\/strong><\/p>\n\n\n\n<p>Eviden\u010dn\u00ed \u010d\u00edslo:<br><strong>21B.07<\/strong><\/p>\n\n\n\n<p>M\u00edsto p\u016fsoben\u00ed:<br><strong>Sedl\u010dany<\/strong><\/p>\n\n\n\n<p>I\u010c:<br><strong>42728878<\/strong><\/p>\n\n\n\n<p class=\"has-text-align-left\">DI\u010c:<br><strong>nepl\u00e1tce DPH<\/strong><br>(Pro komunikaci s finan\u010dn\u00edm \u00fa\u0159adem DI\u010c:&nbsp;CZ42728878)<\/p>\n\n\n\n<p>Spisov\u00e1 zna\u010dka:<br><a rel=\"noreferrer noopener\" href=\"https:\/\/or.justice.cz\/ias\/ui\/rejstrik-firma.vysledky?subjektId=836015&amp;typ=PLATNY\" target=\"_blank\"><strong>L 38456 veden\u00e1 u&nbsp;M\u011bstsk\u00e9ho soudu v&nbsp;Praze<\/strong><\/a><\/p>\n\n\n\n<p>Adresa:<br><strong>Kosova Hora 443, 262 91 Kosova Hora<\/strong><\/p>\n\n\n\n<p>Bankovn\u00ed \u00fa\u010det<br><strong>2600315996\/2010<\/strong> u Fio banka, a. s<\/p>\n\n\n\n<h2 class=\"wp-block-heading\">V\u016fdce st\u0159ediska<\/h2>\n\n\n\n<p>Ji\u0159\u00ed \u010cih\u00e1k<br>Telefon \/ mobil: +420&nbsp;775 332 218<br>E-mail: cihakjiri@centrum.cz<\/p>\n\n\n\n<h2 class=\"wp-block-heading\">Z\u00e1stupce v\u016fdce st\u0159ediska<\/h2>\n\n\n\n<p class=\"has-text-align-left\">Tereza Endrstov\u00e1<br>E-mail: terka.cihakova@seznam.cz<br>Telefon \/ mobil: +420&nbsp;721 291 004<\/p>\n\n\n\n<h2 class=\"wp-block-heading\">Veden\u00ed st\u0159ediska<\/h2>\n\n\n\n<h2 class=\"wp-block-heading has-medium-font-size\">St\u0159ediskov\u00e1 rada<\/h2>\n\n\n\n<p class=\"has-text-align-left\">Ji\u0159\u00ed \u010cih\u00e1k (Pedro)<br><em>vedouc\u00ed st\u0159ediska (od&nbsp;17.&nbsp;9.&nbsp;2023)<\/em><\/p>\n\n\n\n<p class=\"has-text-align-left\">Tereza Endrstov\u00e1 (Stono\u017eka)<br><em>z\u00e1stupce vedouc\u00edho st\u0159ediska&nbsp;(od&nbsp;17.&nbsp;9.&nbsp;2023)<\/em><\/p>\n\n\n\n<p>Pavla Pittnerov\u00e1 (V\u00fdvrtka)<br><em>volen\u00fd \u010dlen st\u0159ediskov\u00e9 rady (od\u00a021.\u00a010.\u00a02016)<\/em><\/p>\n\n\n\n<p class=\"has-text-align-left\">Marek T\u016fma (M\u00e1ra)<br><em>volen\u00fd \u010dlen st\u0159ediskov\u00e9 rady (od\u00a02.\u00a011.\u00a02019)<\/em><\/p>\n\n\n\n<p class=\"has-text-align-left\">Tereza Zavadilov\u00e1<br><em><em>volen\u00fd \u010dlen st\u0159ediskov\u00e9 rady<\/em><\/em> <em>(od&nbsp;17.&nbsp;9.&nbsp;2023)<\/em><\/p>\n\n\n\n<p class=\"has-text-align-left\">Milan Bart\u00e1k<br><em>volen\u00fd \u010dlen st\u0159ediskov\u00e9 rady (od 17. 9. 2023)<\/em><\/p>\n\n\n\n<p class=\"has-text-align-left\">Anton\u00edn \u0158eh\u00e1k (\u00c1z) <br><em>hospod\u00e1\u0159 st\u0159ediska (od\u00a015.\u00a02.\u00a02016)<\/em><br><em>volen\u00fd \u010dlen st\u0159ediskov\u00e9 rady (od 17. 9. 2023)<\/em><\/p>\n\n\n\n<h2 class=\"wp-block-heading has-medium-font-size\">Revizn\u00ed komise<\/h2>\n\n\n\n<p class=\"has-text-align-left\">Jind\u0159ich H\u00e1jek (Kubula)<br><em>p\u0159edseda revizn\u00ed komise st\u0159ediska (od\u00a02.\u00a011.\u00a02019)<\/em><\/p>\n\n\n\n<p>Jan \u010cih\u00e1k (\u010c\u00ed\u017ea)<br><em>\u010dlen revizn\u00ed komise st\u0159ediska (od\u00a02.\u00a011.\u00a02019)<\/em><\/p>\n\n\n\n<p>Lenka N\u011bmcov\u00e1<br><em>\u010dlen revizn\u00ed komise st\u0159ediska (od&nbsp;17.&nbsp;9.&nbsp;2023)<\/em><\/p>\n\n\n\n<h2 class=\"wp-block-heading has-medium-font-size\">Veden\u00ed odd\u00edl\u016f v&nbsp;Kosov\u011b Ho\u0159e<\/h2>\n\n\n\n<p>Podrobnosti o odd\u00edlu <strong>KOS<\/strong> na<br><a href=\"http:\/\/skaut-kh.skauting.cz\/\" data-type=\"URL\" data-id=\"http:\/\/skaut-kh.skauting.cz\/\">http:\/\/skaut-kh.skauting.cz\/<\/a><\/p>\n","protected":false},"excerpt":{"rendered":"<p>N\u00e1zev jednotky:st\u0159edisko Sedl\u010dany \u00dapln\u00fd n\u00e1zev:Jun\u00e1k \u2013 \u010desk\u00fd skaut, st\u0159edisko Sedl\u010dany,&nbsp;z.&nbsp;s. Eviden\u010dn\u00ed \u010d\u00edslo:21B.07 M\u00edsto p\u016fsoben\u00ed:Sedl\u010dany I\u010c:42728878 DI\u010c:nepl\u00e1tce DPH(Pro komunikaci s finan\u010dn\u00edm \u00fa\u0159adem DI\u010c:&nbsp;CZ42728878) Spisov\u00e1 zna\u010dka:L 38456 veden\u00e1 u&nbsp;M\u011bstsk\u00e9ho soudu v&nbsp;Praze Adresa:Kosova Hora 443, 262 91 Kosova Hora Bankovn\u00ed \u00fa\u010det2600315996\/2010 u Fio banka, a. s V\u016fdce st\u0159ediska Ji\u0159\u00ed \u010cih\u00e1kTelefon \/ mobil: +420&nbsp;775 332 218E-mail: cihakjiri@centrum.cz Z\u00e1stupce v\u016fdce <a href=\"https:\/\/www.skautsedlcany.cz\/index.php\/kontakty-2\/\" rel=\"nofollow\"><span class=\"sr-only\">P\u0159e\u010d\u00edst si v\u00edc oKontakty<\/span>[&hellip;]<\/a><\/p>\n","protected":false},"author":1,"featured_media":0,"parent":0,"menu_order":400,"comment_status":"closed","ping_status":"closed","template":"","meta":{"footnotes":""},"_links":{"self":[{"href":"https:\/\/www.skautsedlcany.cz\/index.php\/wp-json\/wp\/v2\/pages\/40"}],"collection":[{"href":"https:\/\/www.skautsedlcany.cz\/index.php\/wp-json\/wp\/v2\/pages"}],"about":[{"href":"https:\/\/www.skautsedlcany.cz\/index.php\/wp-json\/wp\/v2\/types\/page"}],"author":[{"embeddable":true,"href":"https:\/\/www.skautsedlcany.cz\/index.php\/wp-json\/wp\/v2\/users\/1"}],"replies":[{"embeddable":true,"href":"https:\/\/www.skautsedlcany.cz\/index.php\/wp-json\/wp\/v2\/comments?post=40"}],"version-history":[{"count":47,"href":"https:\/\/www.skautsedlcany.cz\/index.php\/wp-json\/wp\/v2\/pages\/40\/revisions"}],"predecessor-version":[{"id":584,"href":"https:\/\/www.skautsedlcany.cz\/index.php\/wp-json\/wp\/v2\/pages\/40\/revisions\/584"}],"wp:attachment":[{"href":"https:\/\/www.skautsedlcany.cz\/index.php\/wp-json\/wp\/v2\/media?parent=40"}],"curies":[{"name":"wp","href":"https:\/\/api.w.org\/{rel}","templated":true}]}}