{"id":60,"date":"2016-10-16T10:18:52","date_gmt":"2016-10-16T09:18:52","guid":{"rendered":"http:\/\/www.skautsedlcany.cz\/?page_id=60"},"modified":"2025-11-28T21:48:52","modified_gmt":"2025-11-28T20:48:52","slug":"dokumenty","status":"publish","type":"page","link":"https:\/\/www.skautsedlcany.cz\/index.php\/dokumenty\/","title":{"rendered":"Dokumenty"},"content":{"rendered":"<h2>Registrace<\/h2>\n<ul>\n<li><a href=\"https:\/\/www.skautsedlcany.cz\/wp-content\/uploads\/2025\/11\/dopis_k_registraci_2026.pdf\" target=\"_blank\" rel=\"noopener\">Dopis k registraci 2026<\/a><\/li>\n<\/ul>\n\n\n<h2 class=\"wp-block-heading\">Darovac\u00ed smlouvy<\/h2>\n\n\n\n<ul>\n<li>Pr\u00e1vnick\u00e1 osoba\n<ul>\n<li>Finan\u010dn\u00ed dar <strong>\u2013<\/strong> <a href=\"https:\/\/www.skautsedlcany.cz\/wp-content\/uploads\/2024\/03\/darovaci_smlouva_pravnicka_osoba-financni_dar_24.pdf\" data-type=\"attachment\" data-id=\"611\">PDF<\/a>, <a href=\"https:\/\/www.skautsedlcany.cz\/wp-content\/uploads\/2024\/03\/darovaci_smlouva_pravnicka_osoba-financni_dar_24.doc\" data-type=\"attachment\" data-id=\"604\">DOC<\/a><\/li>\n\n\n\n<li>V\u011bcn\u00fd dar <strong>\u2013<\/strong> <a href=\"https:\/\/www.skautsedlcany.cz\/wp-content\/uploads\/2024\/03\/darovaci_smlouva_pravnicka_osoba-vecny_dar_24.pdf\" data-type=\"attachment\" data-id=\"608\">PDF<\/a>, <a href=\"https:\/\/www.skautsedlcany.cz\/wp-content\/uploads\/2024\/03\/darovaci_smlouva_pravnicka_osoba-vecny_dar_24.doc\" data-type=\"attachment\" data-id=\"603\">DOC<\/a><\/li>\n<\/ul>\n<\/li>\n\n\n\n<li>Fyzick\u00e1 osoba\n<ul>\n<li>Finan\u010dn\u00ed dar <strong>\u2013<\/strong> <a href=\"https:\/\/www.skautsedlcany.cz\/wp-content\/uploads\/2024\/03\/darovaci_smlouva_fyzicka_osoba-financni_dar_24.pdf\" data-type=\"attachment\" data-id=\"610\">PDF<\/a>, <a href=\"https:\/\/www.skautsedlcany.cz\/wp-content\/uploads\/2024\/03\/darovaci_smlouva_fyzicka_osoba-financni_dar_24.doc\" data-type=\"attachment\" data-id=\"606\">DOC<\/a><\/li>\n\n\n\n<li>V\u011bcn\u00fd dar <strong>\u2013<\/strong> <a href=\"https:\/\/www.skautsedlcany.cz\/wp-content\/uploads\/2024\/03\/darovaci_smlouva_fyzicka_osoba-vecny_dar_24.pdf\" data-type=\"attachment\" data-id=\"609\">PDF<\/a>, <a href=\"https:\/\/www.skautsedlcany.cz\/wp-content\/uploads\/2024\/03\/darovaci_smlouva_fyzicka_osoba-vecny_dar_24.doc\" data-type=\"attachment\" data-id=\"605\">DOC<\/a><\/li>\n<\/ul>\n<\/li>\n<\/ul>\n\n\n\n<p>(<a href=\"\/index.php\/vedeni-strediska\/neverejne\/\" data-type=\"page\">Neve\u0159ejn\u00e9 dokumenty<\/a>)<\/p>\n","protected":false},"excerpt":{"rendered":"<p>Registrace Dopis k registraci 2026 Darovac\u00ed smlouvy (Neve\u0159ejn\u00e9 dokumenty)<\/p>\n","protected":false},"author":1,"featured_media":0,"parent":0,"menu_order":500,"comment_status":"closed","ping_status":"closed","template":"","meta":{"footnotes":""},"_links":{"self":[{"href":"https:\/\/www.skautsedlcany.cz\/index.php\/wp-json\/wp\/v2\/pages\/60"}],"collection":[{"href":"https:\/\/www.skautsedlcany.cz\/index.php\/wp-json\/wp\/v2\/pages"}],"about":[{"href":"https:\/\/www.skautsedlcany.cz\/index.php\/wp-json\/wp\/v2\/types\/page"}],"author":[{"embeddable":true,"href":"https:\/\/www.skautsedlcany.cz\/index.php\/wp-json\/wp\/v2\/users\/1"}],"replies":[{"embeddable":true,"href":"https:\/\/www.skautsedlcany.cz\/index.php\/wp-json\/wp\/v2\/comments?post=60"}],"version-history":[{"count":13,"href":"https:\/\/www.skautsedlcany.cz\/index.php\/wp-json\/wp\/v2\/pages\/60\/revisions"}],"predecessor-version":[{"id":663,"href":"https:\/\/www.skautsedlcany.cz\/index.php\/wp-json\/wp\/v2\/pages\/60\/revisions\/663"}],"wp:attachment":[{"href":"https:\/\/www.skautsedlcany.cz\/index.php\/wp-json\/wp\/v2\/media?parent=60"}],"curies":[{"name":"wp","href":"https:\/\/api.w.org\/{rel}","templated":true}]}}